{"id":182,"date":"2025-09-10T19:32:28","date_gmt":"2025-09-10T17:32:28","guid":{"rendered":"https:\/\/www.praktijkgiven.nl\/webshop\/product\/nac-600mg-n-acetyl-l-cysteine\/"},"modified":"2026-03-18T09:42:34","modified_gmt":"2026-03-18T08:42:34","slug":"nac-600mg-n-acetyl-l-cysteine","status":"publish","type":"product","link":"https:\/\/www.praktijkgiven.nl\/webshop\/product\/nac-600mg-n-acetyl-l-cysteine\/","title":{"rendered":"NAC 600mg (N-Acetyl-L-Cyste\u00efne)"},"content":{"rendered":"<p><strong>Wat doet NAC in het lichaam?<\/strong><\/p>\n<p>N-Acetyl-L-Cyste\u00efne (NAC) is een krachtige zwavelverbinding afgeleid van het aminozuur cyste\u00efne. Het wordt in het lichaam omgezet in glutathion, \u00e9\u00e9n van de belangrijkste antioxidanten die onze cellen beschermen tegen vrije radicalen en helpen bij ontgifting via de lever.<\/p>\n<p><strong>Belangrijkste functies<\/strong><\/p>\n<ul>\n<li>Ontgifting en leverondersteuning: helpt schadelijke stoffen en zware metalen af te voeren.<\/li>\n<li>Antioxidantwerking: beschermt cellen tegen oxidatieve stress en ondersteunt het immuunsysteem.<\/li>\n<li>Luchtwegen &amp; slijmoplossend: maakt taai slijm dunner, ondersteunt gezonde longen.<\/li>\n<li>Energie &amp; herstel: bevordert glutathionaanmaak, essentieel voor celenergie.<\/li>\n<li>Hart &amp; vaten: ondersteunt gezonde bloedvaten en helpt oxidatie van LDL-cholesterol te beperken.<\/li>\n<\/ul>\n<p><strong>Toepasbaar bij<\/strong><\/p>\n<ul>\n<li>Toxische belasting (bv. zware metalen, medicatie, alcohol)<\/li>\n<li>Ondersteuning van lever- en longfunctie<\/li>\n<li>Vermoeidheid en herstel na inspanning<\/li>\n<li>Ondersteuning bij ontstekingsreacties en weerstand<\/li>\n<li>Luchtweg- of slijmklachten<\/li>\n<li>Algemeen cel- en weefselherstel<\/li>\n<\/ul>\n","protected":false},"excerpt":{"rendered":"<ul>\n<li>Bevat 600 mg zuivere N-Acetyl-L-Cyste\u00efne per capsule<\/li>\n<li>Ondersteunt de natuurlijke ontgifting via lever en cellen<\/li>\n<li>Bevordert de aanmaak van lichaamseigen glutathion (krachtige antioxidant)<\/li>\n<li>Draagt bij aan gezonde luchtwegen en weerstand<\/li>\n<li>Ondersteunt herstel en energie bij belasting of intensieve inspanning<\/li>\n<\/ul>\n","protected":false},"featured_media":227,"template":"","meta":{"_acf_changed":false},"product_brand":[],"product_cat":[49],"product_tag":[63,70],"class_list":{"0":"post-182","1":"product","2":"type-product","3":"status-publish","4":"has-post-thumbnail","6":"product_cat-aminozuren","7":"product_tag-brein","8":"product_tag-weerstand","10":"first","11":"instock","12":"taxable","13":"shipping-taxable","14":"purchasable","15":"product-type-simple"},"acf":[],"yoast_head":"<!-- This site is optimized with the Yoast SEO Premium plugin v27.2 (Yoast SEO v27.2) - https:\/\/yoast.com\/product\/yoast-seo-premium-wordpress\/ -->\n<title>NAC 600mg (N-Acetyl-L-Cyste\u00efne) - Praktijk Given in Elburg<\/title>\n<meta name=\"description\" content=\"NAC N-Acetyl-L-Cyste\u00efne \u2013 ondersteunt glutathionaanmaak voor ontgifting, leverfunctie en antioxidantbescherming. Helpt bij luchtwegen, weerstand en celherstel.\" \/>\n<meta name=\"robots\" content=\"index, follow, max-snippet:-1, max-image-preview:large, max-video-preview:-1\" \/>\n<link rel=\"canonical\" href=\"https:\/\/www.praktijkgiven.nl\/webshop\/product\/nac-600mg-n-acetyl-l-cysteine\/\" \/>\n<meta property=\"og:locale\" content=\"nl_NL\" \/>\n<meta property=\"og:type\" content=\"article\" \/>\n<meta property=\"og:title\" content=\"NAC 600mg (N-Acetyl-L-Cyste\u00efne)\" \/>\n<meta property=\"og:description\" content=\"NAC N-Acetyl-L-Cyste\u00efne \u2013 ondersteunt glutathionaanmaak voor ontgifting, leverfunctie en antioxidantbescherming. Helpt bij luchtwegen, weerstand en celherstel.\" \/>\n<meta property=\"og:url\" content=\"https:\/\/www.praktijkgiven.nl\/webshop\/product\/nac-600mg-n-acetyl-l-cysteine\/\" \/>\n<meta property=\"og:site_name\" content=\"Praktijk Given in Elburg\" \/>\n<meta property=\"article:modified_time\" content=\"2026-03-18T08:42:34+00:00\" \/>\n<meta property=\"og:image\" content=\"https:\/\/www.praktijkgiven.nl\/webshop\/wp-content\/uploads\/2025\/09\/20250529_112928-rotated.jpg\" \/>\n\t<meta property=\"og:image:width\" content=\"3000\" \/>\n\t<meta property=\"og:image:height\" content=\"4000\" \/>\n\t<meta property=\"og:image:type\" content=\"image\/jpeg\" \/>\n<meta name=\"twitter:card\" content=\"summary_large_image\" \/>\n<meta name=\"twitter:label1\" content=\"Geschatte leestijd\" \/>\n\t<meta name=\"twitter:data1\" content=\"2 minuten\" \/>\n<script type=\"application\/ld+json\" class=\"yoast-schema-graph\">{\"@context\":\"https:\/\/schema.org\",\"@graph\":[{\"@type\":\"WebPage\",\"@id\":\"https:\/\/www.praktijkgiven.nl\/webshop\/product\/nac-600mg-n-acetyl-l-cysteine\/\",\"url\":\"https:\/\/www.praktijkgiven.nl\/webshop\/product\/nac-600mg-n-acetyl-l-cysteine\/\",\"name\":\"NAC 600mg (N-Acetyl-L-Cyste\u00efne) - Praktijk Given in Elburg\",\"isPartOf\":{\"@id\":\"https:\/\/www.praktijkgiven.nl\/webshop\/#website\"},\"primaryImageOfPage\":{\"@id\":\"https:\/\/www.praktijkgiven.nl\/webshop\/product\/nac-600mg-n-acetyl-l-cysteine\/#primaryimage\"},\"image\":{\"@id\":\"https:\/\/www.praktijkgiven.nl\/webshop\/product\/nac-600mg-n-acetyl-l-cysteine\/#primaryimage\"},\"thumbnailUrl\":\"https:\/\/www.praktijkgiven.nl\/webshop\/wp-content\/uploads\/2025\/09\/20250529_112928-rotated.jpg\",\"datePublished\":\"2025-09-10T17:32:28+00:00\",\"dateModified\":\"2026-03-18T08:42:34+00:00\",\"description\":\"NAC N-Acetyl-L-Cyste\u00efne \u2013 ondersteunt glutathionaanmaak voor ontgifting, leverfunctie en antioxidantbescherming. Helpt bij luchtwegen, weerstand en celherstel.\",\"breadcrumb\":{\"@id\":\"https:\/\/www.praktijkgiven.nl\/webshop\/product\/nac-600mg-n-acetyl-l-cysteine\/#breadcrumb\"},\"inLanguage\":\"nl-NL\",\"potentialAction\":[{\"@type\":\"ReadAction\",\"target\":[\"https:\/\/www.praktijkgiven.nl\/webshop\/product\/nac-600mg-n-acetyl-l-cysteine\/\"]}]},{\"@type\":\"ImageObject\",\"inLanguage\":\"nl-NL\",\"@id\":\"https:\/\/www.praktijkgiven.nl\/webshop\/product\/nac-600mg-n-acetyl-l-cysteine\/#primaryimage\",\"url\":\"https:\/\/www.praktijkgiven.nl\/webshop\/wp-content\/uploads\/2025\/09\/20250529_112928-rotated.jpg\",\"contentUrl\":\"https:\/\/www.praktijkgiven.nl\/webshop\/wp-content\/uploads\/2025\/09\/20250529_112928-rotated.jpg\",\"width\":3000,\"height\":4000},{\"@type\":\"BreadcrumbList\",\"@id\":\"https:\/\/www.praktijkgiven.nl\/webshop\/product\/nac-600mg-n-acetyl-l-cysteine\/#breadcrumb\",\"itemListElement\":[{\"@type\":\"ListItem\",\"position\":1,\"name\":\"Home\",\"item\":\"https:\/\/www.praktijkgiven.nl\/webshop\/\"},{\"@type\":\"ListItem\",\"position\":2,\"name\":\"Winkel\",\"item\":\"https:\/\/www.praktijkgiven.nl\/webshop\/\"},{\"@type\":\"ListItem\",\"position\":3,\"name\":\"NAC 600mg (N-Acetyl-L-Cyste\u00efne)\"}]},{\"@type\":\"WebSite\",\"@id\":\"https:\/\/www.praktijkgiven.nl\/webshop\/#website\",\"url\":\"https:\/\/www.praktijkgiven.nl\/webshop\/\",\"name\":\"Praktijk Given in Elburg\",\"description\":\"Bioresonantie &amp; Natuurgeneeskunde\",\"publisher\":{\"@id\":\"https:\/\/www.praktijkgiven.nl\/webshop\/#organization\"},\"potentialAction\":[{\"@type\":\"SearchAction\",\"target\":{\"@type\":\"EntryPoint\",\"urlTemplate\":\"https:\/\/www.praktijkgiven.nl\/webshop\/?s={search_term_string}\"},\"query-input\":{\"@type\":\"PropertyValueSpecification\",\"valueRequired\":true,\"valueName\":\"search_term_string\"}}],\"inLanguage\":\"nl-NL\"},{\"@type\":\"Organization\",\"@id\":\"https:\/\/www.praktijkgiven.nl\/webshop\/#organization\",\"name\":\"Praktijk Given in Elburg\",\"url\":\"https:\/\/www.praktijkgiven.nl\/webshop\/\",\"logo\":{\"@type\":\"ImageObject\",\"inLanguage\":\"nl-NL\",\"@id\":\"https:\/\/www.praktijkgiven.nl\/webshop\/#\/schema\/logo\/image\/\",\"url\":\"https:\/\/www.praktijkgiven.nl\/webshop\/wp-content\/uploads\/2025\/06\/given-white.png\",\"contentUrl\":\"https:\/\/www.praktijkgiven.nl\/webshop\/wp-content\/uploads\/2025\/06\/given-white.png\",\"width\":2043,\"height\":698,\"caption\":\"Praktijk Given in Elburg\"},\"image\":{\"@id\":\"https:\/\/www.praktijkgiven.nl\/webshop\/#\/schema\/logo\/image\/\"}}]}<\/script>\n<!-- \/ Yoast SEO Premium plugin. -->","yoast_head_json":{"title":"NAC 600mg (N-Acetyl-L-Cyste\u00efne) - Praktijk Given in Elburg","description":"NAC N-Acetyl-L-Cyste\u00efne \u2013 ondersteunt glutathionaanmaak voor ontgifting, leverfunctie en antioxidantbescherming. Helpt bij luchtwegen, weerstand en celherstel.","robots":{"index":"index","follow":"follow","max-snippet":"max-snippet:-1","max-image-preview":"max-image-preview:large","max-video-preview":"max-video-preview:-1"},"canonical":"https:\/\/www.praktijkgiven.nl\/webshop\/product\/nac-600mg-n-acetyl-l-cysteine\/","og_locale":"nl_NL","og_type":"article","og_title":"NAC 600mg (N-Acetyl-L-Cyste\u00efne)","og_description":"NAC N-Acetyl-L-Cyste\u00efne \u2013 ondersteunt glutathionaanmaak voor ontgifting, leverfunctie en antioxidantbescherming. Helpt bij luchtwegen, weerstand en celherstel.","og_url":"https:\/\/www.praktijkgiven.nl\/webshop\/product\/nac-600mg-n-acetyl-l-cysteine\/","og_site_name":"Praktijk Given in Elburg","article_modified_time":"2026-03-18T08:42:34+00:00","og_image":[{"width":3000,"height":4000,"url":"https:\/\/www.praktijkgiven.nl\/webshop\/wp-content\/uploads\/2025\/09\/20250529_112928-rotated.jpg","type":"image\/jpeg"}],"twitter_card":"summary_large_image","twitter_misc":{"Geschatte leestijd":"2 minuten"},"schema":{"@context":"https:\/\/schema.org","@graph":[{"@type":"WebPage","@id":"https:\/\/www.praktijkgiven.nl\/webshop\/product\/nac-600mg-n-acetyl-l-cysteine\/","url":"https:\/\/www.praktijkgiven.nl\/webshop\/product\/nac-600mg-n-acetyl-l-cysteine\/","name":"NAC 600mg (N-Acetyl-L-Cyste\u00efne) - Praktijk Given in Elburg","isPartOf":{"@id":"https:\/\/www.praktijkgiven.nl\/webshop\/#website"},"primaryImageOfPage":{"@id":"https:\/\/www.praktijkgiven.nl\/webshop\/product\/nac-600mg-n-acetyl-l-cysteine\/#primaryimage"},"image":{"@id":"https:\/\/www.praktijkgiven.nl\/webshop\/product\/nac-600mg-n-acetyl-l-cysteine\/#primaryimage"},"thumbnailUrl":"https:\/\/www.praktijkgiven.nl\/webshop\/wp-content\/uploads\/2025\/09\/20250529_112928-rotated.jpg","datePublished":"2025-09-10T17:32:28+00:00","dateModified":"2026-03-18T08:42:34+00:00","description":"NAC N-Acetyl-L-Cyste\u00efne \u2013 ondersteunt glutathionaanmaak voor ontgifting, leverfunctie en antioxidantbescherming. Helpt bij luchtwegen, weerstand en celherstel.","breadcrumb":{"@id":"https:\/\/www.praktijkgiven.nl\/webshop\/product\/nac-600mg-n-acetyl-l-cysteine\/#breadcrumb"},"inLanguage":"nl-NL","potentialAction":[{"@type":"ReadAction","target":["https:\/\/www.praktijkgiven.nl\/webshop\/product\/nac-600mg-n-acetyl-l-cysteine\/"]}]},{"@type":"ImageObject","inLanguage":"nl-NL","@id":"https:\/\/www.praktijkgiven.nl\/webshop\/product\/nac-600mg-n-acetyl-l-cysteine\/#primaryimage","url":"https:\/\/www.praktijkgiven.nl\/webshop\/wp-content\/uploads\/2025\/09\/20250529_112928-rotated.jpg","contentUrl":"https:\/\/www.praktijkgiven.nl\/webshop\/wp-content\/uploads\/2025\/09\/20250529_112928-rotated.jpg","width":3000,"height":4000},{"@type":"BreadcrumbList","@id":"https:\/\/www.praktijkgiven.nl\/webshop\/product\/nac-600mg-n-acetyl-l-cysteine\/#breadcrumb","itemListElement":[{"@type":"ListItem","position":1,"name":"Home","item":"https:\/\/www.praktijkgiven.nl\/webshop\/"},{"@type":"ListItem","position":2,"name":"Winkel","item":"https:\/\/www.praktijkgiven.nl\/webshop\/"},{"@type":"ListItem","position":3,"name":"NAC 600mg (N-Acetyl-L-Cyste\u00efne)"}]},{"@type":"WebSite","@id":"https:\/\/www.praktijkgiven.nl\/webshop\/#website","url":"https:\/\/www.praktijkgiven.nl\/webshop\/","name":"Praktijk Given in Elburg","description":"Bioresonantie &amp; Natuurgeneeskunde","publisher":{"@id":"https:\/\/www.praktijkgiven.nl\/webshop\/#organization"},"potentialAction":[{"@type":"SearchAction","target":{"@type":"EntryPoint","urlTemplate":"https:\/\/www.praktijkgiven.nl\/webshop\/?s={search_term_string}"},"query-input":{"@type":"PropertyValueSpecification","valueRequired":true,"valueName":"search_term_string"}}],"inLanguage":"nl-NL"},{"@type":"Organization","@id":"https:\/\/www.praktijkgiven.nl\/webshop\/#organization","name":"Praktijk Given in Elburg","url":"https:\/\/www.praktijkgiven.nl\/webshop\/","logo":{"@type":"ImageObject","inLanguage":"nl-NL","@id":"https:\/\/www.praktijkgiven.nl\/webshop\/#\/schema\/logo\/image\/","url":"https:\/\/www.praktijkgiven.nl\/webshop\/wp-content\/uploads\/2025\/06\/given-white.png","contentUrl":"https:\/\/www.praktijkgiven.nl\/webshop\/wp-content\/uploads\/2025\/06\/given-white.png","width":2043,"height":698,"caption":"Praktijk Given in Elburg"},"image":{"@id":"https:\/\/www.praktijkgiven.nl\/webshop\/#\/schema\/logo\/image\/"}}]}},"_links":{"self":[{"href":"https:\/\/www.praktijkgiven.nl\/webshop\/wp-json\/wp\/v2\/product\/182","targetHints":{"allow":["GET"]}}],"collection":[{"href":"https:\/\/www.praktijkgiven.nl\/webshop\/wp-json\/wp\/v2\/product"}],"about":[{"href":"https:\/\/www.praktijkgiven.nl\/webshop\/wp-json\/wp\/v2\/types\/product"}],"wp:featuredmedia":[{"embeddable":true,"href":"https:\/\/www.praktijkgiven.nl\/webshop\/wp-json\/wp\/v2\/media\/227"}],"wp:attachment":[{"href":"https:\/\/www.praktijkgiven.nl\/webshop\/wp-json\/wp\/v2\/media?parent=182"}],"wp:term":[{"taxonomy":"product_brand","embeddable":true,"href":"https:\/\/www.praktijkgiven.nl\/webshop\/wp-json\/wp\/v2\/product_brand?post=182"},{"taxonomy":"product_cat","embeddable":true,"href":"https:\/\/www.praktijkgiven.nl\/webshop\/wp-json\/wp\/v2\/product_cat?post=182"},{"taxonomy":"product_tag","embeddable":true,"href":"https:\/\/www.praktijkgiven.nl\/webshop\/wp-json\/wp\/v2\/product_tag?post=182"}],"curies":[{"name":"wp","href":"https:\/\/api.w.org\/{rel}","templated":true}]}}