{"id":144,"date":"2025-09-10T19:32:14","date_gmt":"2025-09-10T17:32:14","guid":{"rendered":"https:\/\/www.praktijkgiven.nl\/webshop\/product\/multi-speciaal-kind\/"},"modified":"2026-03-18T09:59:18","modified_gmt":"2026-03-18T08:59:18","slug":"multi-speciaal-kind","status":"publish","type":"product","link":"https:\/\/www.praktijkgiven.nl\/webshop\/product\/multi-speciaal-kind\/","title":{"rendered":"Multi Speciaal Kind"},"content":{"rendered":"<p>Kinderen hebben dagelijks vitaminen en mineralen nodig om goed te groeien en zich energiek te voelen. Multi Speciaal Kind combineert vitamine C, D3, B-vitaminen, ijzer, zink en andere essenti\u00eble voedingsstoffen in \u00e9\u00e9n kauwtablet met een lekkere framboossmaak. Deze formule draagt bij aan een gezonde weerstand, ondersteunt de energiehuishouding en is suikervrij. Een ideale keuze voor ouders die hun kind extra ondersteuning willen geven bij groei en vitaliteit.<\/p>\n","protected":false},"excerpt":{"rendered":"<p>Multi Special Kind is een complete multivitamine in de vorm van een lekkere kauwtablet met framboossmaak. Deze formule is speciaal afgestemd op de behoeften van kinderen en bevat een brede combinatie van vitaminen, mineralen en natuurlijke stoffen.<\/p>\n<ul>\n<li>Lekkere framboossmaak \u2013 zonder suiker<\/li>\n<li>Bevat o.a. vitamine C, D3, B-vitaminen, ijzer en zink<\/li>\n<li>Ondersteunt energie, weerstand en vitaliteit<\/li>\n<li>Geschikt vanaf 3 jaar<\/li>\n<\/ul>\n","protected":false},"featured_media":245,"template":"","meta":{"_acf_changed":false},"product_brand":[],"product_cat":[36],"product_tag":[65,67,70],"class_list":{"0":"post-144","1":"product","2":"type-product","3":"status-publish","4":"has-post-thumbnail","6":"product_cat-kind","7":"product_tag-energie","8":"product_tag-kinderen","9":"product_tag-weerstand","11":"first","12":"instock","13":"taxable","14":"shipping-taxable","15":"purchasable","16":"product-type-simple"},"acf":[],"yoast_head":"<!-- This site is optimized with the Yoast SEO Premium plugin v27.2 (Yoast SEO v27.2) - https:\/\/yoast.com\/product\/yoast-seo-premium-wordpress\/ -->\n<title>Multi Speciaal Kind - Praktijk Given in Elburg<\/title>\n<meta name=\"description\" content=\"Multi Speciaal Kind \u2013 complete multivitamine voor kinderen als kauwtablet met framboossmaak. Met vitamine D3, zink en ijzer voor groei, weerstand en energie. Suikervrij.\" \/>\n<meta name=\"robots\" content=\"index, follow, max-snippet:-1, max-image-preview:large, max-video-preview:-1\" \/>\n<link rel=\"canonical\" href=\"https:\/\/www.praktijkgiven.nl\/webshop\/product\/multi-speciaal-kind\/\" \/>\n<meta property=\"og:locale\" content=\"nl_NL\" \/>\n<meta property=\"og:type\" content=\"article\" \/>\n<meta property=\"og:title\" content=\"Multi Speciaal Kind\" \/>\n<meta property=\"og:description\" content=\"Multi Speciaal Kind \u2013 complete multivitamine voor kinderen als kauwtablet met framboossmaak. Met vitamine D3, zink en ijzer voor groei, weerstand en energie. Suikervrij.\" \/>\n<meta property=\"og:url\" content=\"https:\/\/www.praktijkgiven.nl\/webshop\/product\/multi-speciaal-kind\/\" \/>\n<meta property=\"og:site_name\" content=\"Praktijk Given in Elburg\" \/>\n<meta property=\"article:modified_time\" content=\"2026-03-18T08:59:18+00:00\" \/>\n<meta property=\"og:image\" content=\"https:\/\/www.praktijkgiven.nl\/webshop\/wp-content\/uploads\/2025\/09\/20250529_114654-rotated.jpg\" \/>\n\t<meta property=\"og:image:width\" content=\"3000\" \/>\n\t<meta property=\"og:image:height\" content=\"4000\" \/>\n\t<meta property=\"og:image:type\" content=\"image\/jpeg\" \/>\n<meta name=\"twitter:card\" content=\"summary_large_image\" \/>\n<meta name=\"twitter:label1\" content=\"Geschatte leestijd\" \/>\n\t<meta name=\"twitter:data1\" content=\"2 minuten\" \/>\n<script type=\"application\/ld+json\" class=\"yoast-schema-graph\">{\"@context\":\"https:\/\/schema.org\",\"@graph\":[{\"@type\":\"WebPage\",\"@id\":\"https:\/\/www.praktijkgiven.nl\/webshop\/product\/multi-speciaal-kind\/\",\"url\":\"https:\/\/www.praktijkgiven.nl\/webshop\/product\/multi-speciaal-kind\/\",\"name\":\"Multi Speciaal Kind - Praktijk Given in Elburg\",\"isPartOf\":{\"@id\":\"https:\/\/www.praktijkgiven.nl\/webshop\/#website\"},\"primaryImageOfPage\":{\"@id\":\"https:\/\/www.praktijkgiven.nl\/webshop\/product\/multi-speciaal-kind\/#primaryimage\"},\"image\":{\"@id\":\"https:\/\/www.praktijkgiven.nl\/webshop\/product\/multi-speciaal-kind\/#primaryimage\"},\"thumbnailUrl\":\"https:\/\/www.praktijkgiven.nl\/webshop\/wp-content\/uploads\/2025\/09\/20250529_114654-rotated.jpg\",\"datePublished\":\"2025-09-10T17:32:14+00:00\",\"dateModified\":\"2026-03-18T08:59:18+00:00\",\"description\":\"Multi Speciaal Kind \u2013 complete multivitamine voor kinderen als kauwtablet met framboossmaak. Met vitamine D3, zink en ijzer voor groei, weerstand en energie. Suikervrij.\",\"breadcrumb\":{\"@id\":\"https:\/\/www.praktijkgiven.nl\/webshop\/product\/multi-speciaal-kind\/#breadcrumb\"},\"inLanguage\":\"nl-NL\",\"potentialAction\":[{\"@type\":\"ReadAction\",\"target\":[\"https:\/\/www.praktijkgiven.nl\/webshop\/product\/multi-speciaal-kind\/\"]}]},{\"@type\":\"ImageObject\",\"inLanguage\":\"nl-NL\",\"@id\":\"https:\/\/www.praktijkgiven.nl\/webshop\/product\/multi-speciaal-kind\/#primaryimage\",\"url\":\"https:\/\/www.praktijkgiven.nl\/webshop\/wp-content\/uploads\/2025\/09\/20250529_114654-rotated.jpg\",\"contentUrl\":\"https:\/\/www.praktijkgiven.nl\/webshop\/wp-content\/uploads\/2025\/09\/20250529_114654-rotated.jpg\",\"width\":3000,\"height\":4000},{\"@type\":\"BreadcrumbList\",\"@id\":\"https:\/\/www.praktijkgiven.nl\/webshop\/product\/multi-speciaal-kind\/#breadcrumb\",\"itemListElement\":[{\"@type\":\"ListItem\",\"position\":1,\"name\":\"Home\",\"item\":\"https:\/\/www.praktijkgiven.nl\/webshop\/\"},{\"@type\":\"ListItem\",\"position\":2,\"name\":\"Winkel\",\"item\":\"https:\/\/www.praktijkgiven.nl\/webshop\/\"},{\"@type\":\"ListItem\",\"position\":3,\"name\":\"Multi Speciaal Kind\"}]},{\"@type\":\"WebSite\",\"@id\":\"https:\/\/www.praktijkgiven.nl\/webshop\/#website\",\"url\":\"https:\/\/www.praktijkgiven.nl\/webshop\/\",\"name\":\"Praktijk Given in Elburg\",\"description\":\"Bioresonantie &amp; Natuurgeneeskunde\",\"publisher\":{\"@id\":\"https:\/\/www.praktijkgiven.nl\/webshop\/#organization\"},\"potentialAction\":[{\"@type\":\"SearchAction\",\"target\":{\"@type\":\"EntryPoint\",\"urlTemplate\":\"https:\/\/www.praktijkgiven.nl\/webshop\/?s={search_term_string}\"},\"query-input\":{\"@type\":\"PropertyValueSpecification\",\"valueRequired\":true,\"valueName\":\"search_term_string\"}}],\"inLanguage\":\"nl-NL\"},{\"@type\":\"Organization\",\"@id\":\"https:\/\/www.praktijkgiven.nl\/webshop\/#organization\",\"name\":\"Praktijk Given in Elburg\",\"url\":\"https:\/\/www.praktijkgiven.nl\/webshop\/\",\"logo\":{\"@type\":\"ImageObject\",\"inLanguage\":\"nl-NL\",\"@id\":\"https:\/\/www.praktijkgiven.nl\/webshop\/#\/schema\/logo\/image\/\",\"url\":\"https:\/\/www.praktijkgiven.nl\/webshop\/wp-content\/uploads\/2025\/06\/given-white.png\",\"contentUrl\":\"https:\/\/www.praktijkgiven.nl\/webshop\/wp-content\/uploads\/2025\/06\/given-white.png\",\"width\":2043,\"height\":698,\"caption\":\"Praktijk Given in Elburg\"},\"image\":{\"@id\":\"https:\/\/www.praktijkgiven.nl\/webshop\/#\/schema\/logo\/image\/\"}}]}<\/script>\n<!-- \/ Yoast SEO Premium plugin. -->","yoast_head_json":{"title":"Multi Speciaal Kind - Praktijk Given in Elburg","description":"Multi Speciaal Kind \u2013 complete multivitamine voor kinderen als kauwtablet met framboossmaak. Met vitamine D3, zink en ijzer voor groei, weerstand en energie. Suikervrij.","robots":{"index":"index","follow":"follow","max-snippet":"max-snippet:-1","max-image-preview":"max-image-preview:large","max-video-preview":"max-video-preview:-1"},"canonical":"https:\/\/www.praktijkgiven.nl\/webshop\/product\/multi-speciaal-kind\/","og_locale":"nl_NL","og_type":"article","og_title":"Multi Speciaal Kind","og_description":"Multi Speciaal Kind \u2013 complete multivitamine voor kinderen als kauwtablet met framboossmaak. Met vitamine D3, zink en ijzer voor groei, weerstand en energie. Suikervrij.","og_url":"https:\/\/www.praktijkgiven.nl\/webshop\/product\/multi-speciaal-kind\/","og_site_name":"Praktijk Given in Elburg","article_modified_time":"2026-03-18T08:59:18+00:00","og_image":[{"width":3000,"height":4000,"url":"https:\/\/www.praktijkgiven.nl\/webshop\/wp-content\/uploads\/2025\/09\/20250529_114654-rotated.jpg","type":"image\/jpeg"}],"twitter_card":"summary_large_image","twitter_misc":{"Geschatte leestijd":"2 minuten"},"schema":{"@context":"https:\/\/schema.org","@graph":[{"@type":"WebPage","@id":"https:\/\/www.praktijkgiven.nl\/webshop\/product\/multi-speciaal-kind\/","url":"https:\/\/www.praktijkgiven.nl\/webshop\/product\/multi-speciaal-kind\/","name":"Multi Speciaal Kind - Praktijk Given in Elburg","isPartOf":{"@id":"https:\/\/www.praktijkgiven.nl\/webshop\/#website"},"primaryImageOfPage":{"@id":"https:\/\/www.praktijkgiven.nl\/webshop\/product\/multi-speciaal-kind\/#primaryimage"},"image":{"@id":"https:\/\/www.praktijkgiven.nl\/webshop\/product\/multi-speciaal-kind\/#primaryimage"},"thumbnailUrl":"https:\/\/www.praktijkgiven.nl\/webshop\/wp-content\/uploads\/2025\/09\/20250529_114654-rotated.jpg","datePublished":"2025-09-10T17:32:14+00:00","dateModified":"2026-03-18T08:59:18+00:00","description":"Multi Speciaal Kind \u2013 complete multivitamine voor kinderen als kauwtablet met framboossmaak. Met vitamine D3, zink en ijzer voor groei, weerstand en energie. Suikervrij.","breadcrumb":{"@id":"https:\/\/www.praktijkgiven.nl\/webshop\/product\/multi-speciaal-kind\/#breadcrumb"},"inLanguage":"nl-NL","potentialAction":[{"@type":"ReadAction","target":["https:\/\/www.praktijkgiven.nl\/webshop\/product\/multi-speciaal-kind\/"]}]},{"@type":"ImageObject","inLanguage":"nl-NL","@id":"https:\/\/www.praktijkgiven.nl\/webshop\/product\/multi-speciaal-kind\/#primaryimage","url":"https:\/\/www.praktijkgiven.nl\/webshop\/wp-content\/uploads\/2025\/09\/20250529_114654-rotated.jpg","contentUrl":"https:\/\/www.praktijkgiven.nl\/webshop\/wp-content\/uploads\/2025\/09\/20250529_114654-rotated.jpg","width":3000,"height":4000},{"@type":"BreadcrumbList","@id":"https:\/\/www.praktijkgiven.nl\/webshop\/product\/multi-speciaal-kind\/#breadcrumb","itemListElement":[{"@type":"ListItem","position":1,"name":"Home","item":"https:\/\/www.praktijkgiven.nl\/webshop\/"},{"@type":"ListItem","position":2,"name":"Winkel","item":"https:\/\/www.praktijkgiven.nl\/webshop\/"},{"@type":"ListItem","position":3,"name":"Multi Speciaal Kind"}]},{"@type":"WebSite","@id":"https:\/\/www.praktijkgiven.nl\/webshop\/#website","url":"https:\/\/www.praktijkgiven.nl\/webshop\/","name":"Praktijk Given in Elburg","description":"Bioresonantie &amp; Natuurgeneeskunde","publisher":{"@id":"https:\/\/www.praktijkgiven.nl\/webshop\/#organization"},"potentialAction":[{"@type":"SearchAction","target":{"@type":"EntryPoint","urlTemplate":"https:\/\/www.praktijkgiven.nl\/webshop\/?s={search_term_string}"},"query-input":{"@type":"PropertyValueSpecification","valueRequired":true,"valueName":"search_term_string"}}],"inLanguage":"nl-NL"},{"@type":"Organization","@id":"https:\/\/www.praktijkgiven.nl\/webshop\/#organization","name":"Praktijk Given in Elburg","url":"https:\/\/www.praktijkgiven.nl\/webshop\/","logo":{"@type":"ImageObject","inLanguage":"nl-NL","@id":"https:\/\/www.praktijkgiven.nl\/webshop\/#\/schema\/logo\/image\/","url":"https:\/\/www.praktijkgiven.nl\/webshop\/wp-content\/uploads\/2025\/06\/given-white.png","contentUrl":"https:\/\/www.praktijkgiven.nl\/webshop\/wp-content\/uploads\/2025\/06\/given-white.png","width":2043,"height":698,"caption":"Praktijk Given in Elburg"},"image":{"@id":"https:\/\/www.praktijkgiven.nl\/webshop\/#\/schema\/logo\/image\/"}}]}},"_links":{"self":[{"href":"https:\/\/www.praktijkgiven.nl\/webshop\/wp-json\/wp\/v2\/product\/144","targetHints":{"allow":["GET"]}}],"collection":[{"href":"https:\/\/www.praktijkgiven.nl\/webshop\/wp-json\/wp\/v2\/product"}],"about":[{"href":"https:\/\/www.praktijkgiven.nl\/webshop\/wp-json\/wp\/v2\/types\/product"}],"wp:featuredmedia":[{"embeddable":true,"href":"https:\/\/www.praktijkgiven.nl\/webshop\/wp-json\/wp\/v2\/media\/245"}],"wp:attachment":[{"href":"https:\/\/www.praktijkgiven.nl\/webshop\/wp-json\/wp\/v2\/media?parent=144"}],"wp:term":[{"taxonomy":"product_brand","embeddable":true,"href":"https:\/\/www.praktijkgiven.nl\/webshop\/wp-json\/wp\/v2\/product_brand?post=144"},{"taxonomy":"product_cat","embeddable":true,"href":"https:\/\/www.praktijkgiven.nl\/webshop\/wp-json\/wp\/v2\/product_cat?post=144"},{"taxonomy":"product_tag","embeddable":true,"href":"https:\/\/www.praktijkgiven.nl\/webshop\/wp-json\/wp\/v2\/product_tag?post=144"}],"curies":[{"name":"wp","href":"https:\/\/api.w.org\/{rel}","templated":true}]}}